{"id":1270,"date":"2023-06-09T13:29:11","date_gmt":"2023-06-09T17:29:11","guid":{"rendered":"https:\/\/egliseilejesus.ca\/home\/?page_id=1270"},"modified":"2024-02-23T15:08:12","modified_gmt":"2024-02-23T20:08:12","slug":"conditions-utilisation","status":"publish","type":"page","link":"https:\/\/egliseilejesus.ca\/home\/conditions-utilisation\/","title":{"rendered":"Conditions d&rsquo;utilisation"},"content":{"rendered":"\n\n\t<p>Les pr\u00e9sentes conditions d&rsquo;utilisation (ci-apr\u00e8s d\u00e9nomm\u00e9es les \u00ab\u00a0Conditions\u00a0\u00bb) r\u00e9gissent votre utilisation du site web <strong>egliseilejesus.ca<\/strong> (ci-apr\u00e8s d\u00e9nomm\u00e9 le \u00ab\u00a0Site\u00a0\u00bb).<\/p>\n<p>Veuillez lire attentivement les pr\u00e9sentes conditions avant d&rsquo;utiliser le Site, car en acc\u00e9dant au site ou en l&rsquo;utilisant de quelque mani\u00e8re que ce soit, vous acceptez d&rsquo;\u00eatre li\u00e9 par les pr\u00e9sentes conditions.<\/p>\n<p><strong>Si vous n&rsquo;acceptez pas ces conditions, veuillez cesser imm\u00e9diatement toute utilisation du Site.<\/strong><\/p>\n\t<h4><strong>Propri\u00e9t\u00e9 intellectuelle<\/strong><\/h4>\n<p>Le contenu de ce site web, y compris mais sans s&rsquo;y limiter, les textes, les graphiques, les images, les vid\u00e9os et les logos , est prot\u00e9g\u00e9 par des lois sur la propri\u00e9t\u00e9 intellectuelle et est la propri\u00e9t\u00e9 de &lsquo;\u00c9glise de l&rsquo;\u00cele J\u00e9sus.<\/p>\n<p>Vous ne pouvez pas reproduire, distribuer, modifier, afficher publiquement, transmettre ou exploiter de quelque mani\u00e8re que ce soit le contenu du site sans notre autorisation pr\u00e9alable.<\/p>\n\t<h4><strong>Utilisation du site<\/strong><\/h4>\n<ul>\n<li>Vous acceptez d&rsquo;utiliser ce site web conform\u00e9ment \u00e0 toutes les lois et r\u00e9glementations applicables.<\/li>\n<li>Vous acceptez de ne pas utiliser le site web de mani\u00e8re frauduleuse ou abusive, ni d&rsquo;interf\u00e9rer avec son bon fonctionnement.<\/li>\n<li>Vous acceptez de ne pas acc\u00e9der \u00e0 des parties du site auxquelles vous n&rsquo;\u00eates pas autoris\u00e9, de ne pas tenter de contourner les mesures de s\u00e9curit\u00e9 du site et de ne pas utiliser de m\u00e9thodes automatis\u00e9es pour collecter des informations \u00e0 partir du site.<\/li>\n<\/ul>\n\t<h4><strong>Liens vers d&rsquo;autres sites web<\/strong><\/h4>\n<p>Ce site peut contenir des liens vers des sites web tiers. Ces liens sont fournis uniquement pour votre commodit\u00e9. L&rsquo;\u00c9glise de l&rsquo;\u00cele J\u00e9sus n&rsquo;exerce aucun contr\u00f4le sur ces sites web tiers et n&rsquo;assume aucune responsabilit\u00e9 quant \u00e0 leur contenu.<\/p>\n<p>L&rsquo;utilisation de ces sites web est soumise aux conditions d&rsquo;utilisation propres \u00e0 ces sites.<\/p>\n\t<h4><strong>Confidentialit\u00e9<\/strong><\/h4>\n<p>La collecte et l&rsquo;utilisation des informations personnelles par l&rsquo;\u00c9glise de l&rsquo;\u00cele J\u00e9sus sont r\u00e9gies par notre <strong><a href=\"https:\/\/egliseilejesus.ca\/home\/politique-confidentialite-rp\/\">politique de confidentialit\u00e9<\/a><\/strong>, disponible sur le site web.<\/p>\n<p>En utilisant ce site web, vous consentez \u00e0 la collecte, \u00e0 l&rsquo;utilisation et \u00e0 la divulgation de vos informations personnelles conform\u00e9ment \u00e0 notre politique de confidentialit\u00e9.<\/p>\n\n\t<h4><strong>Limitation de responsabilit\u00e9<\/strong><\/h4>\n<p>Le site est fourni \u00ab\u00a0tel quel\u00a0\u00bb et l&rsquo;\u00c9glise de l&rsquo;\u00cele J\u00e9sus ne fait aucune d\u00e9claration ni garantie quant \u00e0 son fonctionnement, \u00e0 son accessibilit\u00e9 ou \u00e0 son ad\u00e9quation \u00e0 un usage particulier.<\/p>\n<p>Dans la mesure permise par la loi, l&rsquo;\u00c9glise de l&rsquo;\u00cele J\u00e9sus d\u00e9cline toute responsabilit\u00e9 pour tout dommage ou pr\u00e9judice d\u00e9coulant de l&rsquo;utilisation du site.<\/p>\n\n\t<h4><strong>Loi applicable et juridiction<\/strong><\/h4>\n<p>Les pr\u00e9sentes conditions d&rsquo;utilisation sont r\u00e9gies par les lois de la province de Qu\u00e9bec, Canada. Tout litige d\u00e9coulant de l&rsquo;utilisation du site sera soumis \u00e0 la comp\u00e9tence exclusive des tribunaux de la province de Qu\u00e9bec.<\/p>\n\n\t<ul>\n\t\t<li>\t\t\t\t\n\t\t<h4>Modification aux conditions: Juin 2023<\/h4><p>Nous nous r\u00e9servons le droit d&rsquo;effectuer des modifications \u00e0 nos conditions d&rsquo;utilisation, \u00e0 notre enti\u00e8re discr\u00e9tion et sans pr\u00e9avis, par cons\u00e9quent, Il est de votre responsabilit\u00e9 de consulter r\u00e9guli\u00e8rement les conditions d&rsquo;utilisation pour vous tenir inform\u00e9 des \u00e9ventuelles modifications..De telles modifications seront affich\u00e9es sur le site Web et entreront en vigueur imm\u00e9diatement apr\u00e8s leur affichage.<\/p><\/li>\t<\/ul>\n\n","protected":false},"excerpt":{"rendered":"<p>Les pr\u00e9sentes conditions d&rsquo;utilisation (ci-apr\u00e8s d\u00e9nomm\u00e9es les \u00ab\u00a0Conditions\u00a0\u00bb) r\u00e9gissent votre utilisation du site web egliseilejesus.ca (ci-apr\u00e8s d\u00e9nomm\u00e9 le \u00ab\u00a0Site\u00a0\u00bb). Veuillez lire attentivement les pr\u00e9sentes conditions avant d&rsquo;utiliser le Site, car en acc\u00e9dant au site ou en l&rsquo;utilisant de quelque mani\u00e8re que ce soit, vous acceptez d&rsquo;\u00eatre li\u00e9 par les pr\u00e9sentes conditions. Si vous n&rsquo;acceptez pas [&hellip;]<\/p>\n","protected":false},"author":1,"featured_media":0,"parent":0,"menu_order":0,"comment_status":"closed","ping_status":"closed","template":"","meta":{"site-sidebar-layout":"no-sidebar","site-content-layout":"page-builder","ast-site-content-layout":"full-width-container","site-content-style":"unboxed","site-sidebar-style":"unboxed","ast-global-header-display":"","ast-banner-title-visibility":"","ast-main-header-display":"","ast-hfb-above-header-display":"","ast-hfb-below-header-display":"","ast-hfb-mobile-header-display":"","site-post-title":"disabled","ast-breadcrumbs-content":"","ast-featured-img":"","footer-sml-layout":"","ast-disable-related-posts":"","theme-transparent-header-meta":"enabled","adv-header-id-meta":"","stick-header-meta":"","header-above-stick-meta":"","header-main-stick-meta":"","header-below-stick-meta":"","astra-migrate-meta-layouts":"set","ast-page-background-enabled":"default","ast-page-background-meta":{"desktop":{"background-color":"","background-image":"","background-repeat":"repeat","background-position":"center center","background-size":"auto","background-attachment":"scroll","background-type":"","background-media":"","overlay-type":"","overlay-color":"","overlay-opacity":"","overlay-gradient":""},"tablet":{"background-color":"","background-image":"","background-repeat":"repeat","background-position":"center center","background-size":"auto","background-attachment":"scroll","background-type":"","background-media":"","overlay-type":"","overlay-color":"","overlay-opacity":"","overlay-gradient":""},"mobile":{"background-color":"","background-image":"","background-repeat":"repeat","background-position":"center center","background-size":"auto","background-attachment":"scroll","background-type":"","background-media":"","overlay-type":"","overlay-color":"","overlay-opacity":"","overlay-gradient":""}},"ast-content-background-meta":{"desktop":{"background-color":"var(--ast-global-color-5)","background-image":"","background-repeat":"repeat","background-position":"center center","background-size":"auto","background-attachment":"scroll","background-type":"","background-media":"","overlay-type":"","overlay-color":"","overlay-opacity":"","overlay-gradient":""},"tablet":{"background-color":"var(--ast-global-color-5)","background-image":"","background-repeat":"repeat","background-position":"center center","background-size":"auto","background-attachment":"scroll","background-type":"","background-media":"","overlay-type":"","overlay-color":"","overlay-opacity":"","overlay-gradient":""},"mobile":{"background-color":"var(--ast-global-color-5)","background-image":"","background-repeat":"repeat","background-position":"center center","background-size":"auto","background-attachment":"scroll","background-type":"","background-media":"","overlay-type":"","overlay-color":"","overlay-opacity":"","overlay-gradient":""}},"footnotes":""},"class_list":["post-1270","page","type-page","status-publish","hentry"],"_links":{"self":[{"href":"https:\/\/egliseilejesus.ca\/home\/wp-json\/wp\/v2\/pages\/1270","targetHints":{"allow":["GET"]}}],"collection":[{"href":"https:\/\/egliseilejesus.ca\/home\/wp-json\/wp\/v2\/pages"}],"about":[{"href":"https:\/\/egliseilejesus.ca\/home\/wp-json\/wp\/v2\/types\/page"}],"author":[{"embeddable":true,"href":"https:\/\/egliseilejesus.ca\/home\/wp-json\/wp\/v2\/users\/1"}],"replies":[{"embeddable":true,"href":"https:\/\/egliseilejesus.ca\/home\/wp-json\/wp\/v2\/comments?post=1270"}],"version-history":[{"count":0,"href":"https:\/\/egliseilejesus.ca\/home\/wp-json\/wp\/v2\/pages\/1270\/revisions"}],"wp:attachment":[{"href":"https:\/\/egliseilejesus.ca\/home\/wp-json\/wp\/v2\/media?parent=1270"}],"curies":[{"name":"wp","href":"https:\/\/api.w.org\/{rel}","templated":true}]}}