{"id":1485,"date":"2024-03-07T13:50:08","date_gmt":"2024-03-07T18:50:08","guid":{"rendered":"https:\/\/egliseilejesus.ca\/home\/?page_id=1485"},"modified":"2024-03-07T13:57:44","modified_gmt":"2024-03-07T18:57:44","slug":"politique-cookies","status":"publish","type":"page","link":"https:\/\/egliseilejesus.ca\/home\/politique-cookies\/","title":{"rendered":"Politique sur les t\u00e9moins de navigation (cookies)"},"content":{"rendered":"\n\n\t<h4><strong>Introduction<\/strong><\/h4>\n<p>Notre site Web stocke des t\u00e9moins de navigation (cookies) sur votre appareil pour am\u00e9liorer ses performances, pour m\u00e9moriser vos pr\u00e9f\u00e9rences ou pour permettre certaines fonctionnalit\u00e9s, comme les dons par carte de cr\u00e9dit aupr\u00e8s de notre fournisseur externe.\u00a0Certains t\u00e9moins sont essentiels au bon fonctionnement du site Web.<\/p>\n<p><strong>Sachez que le respect de votre vie priv\u00e9e est important pour nous et que nous ne collectons aucune donn\u00e9e personnelle sans votre consentement.<\/strong><\/p>\n\t<h4>Quels types de cookies sont utilis\u00e9s ?<\/h4>\n<p><strong>Cookies strictement n\u00e9cessaires<\/strong> : Essentiels aux fonctionnalit\u00e9s de base de notre site Web, ces fichiers t\u00e9moins permettent aux utilisateurs de naviguer sur notre site Web et ne peuvent \u00eatre d\u00e9sactiv\u00e9s.<\/p>\n<p><strong>Cookies tiers<\/strong> : Il peut arriver que notre site Web contienne des liens renvoyant vers d&rsquo;autres sites Web ou utilise des fonctionnalit\u00e9s provenant d&rsquo;autres plateformes comme <strong>Zeffy<\/strong> par exemple. Nous n&rsquo;avons aucune information quant aux types de cookies utilis\u00e9s par ces autres sites et nous n&rsquo;avons pas de contr\u00f4le sur ceux-ci. Pour en savoir plus, veuillez consulter les informations fournies par ces sites tiers sur leurs propres cookies.<\/p>\n\t<h4>Combien de temps les cookies restent valides ?<\/h4>\n<p>Les cookies restent sur votre\/vos appareil(s) pendant des dur\u00e9es diff\u00e9rentes, selon qu&rsquo;il s&rsquo;agit d&rsquo;un cookie \u00ab persistant \u00bb ou \u00ab de session \u00bb.<\/p>\n<p><strong>Les cookies persistants<\/strong> restent sur l&rsquo;ordinateur de l&rsquo;utilisateur m\u00eame apr\u00e8s la fermeture du navigateur. Ils ont une date d&rsquo;expiration d\u00e9finie et sont stock\u00e9s sur le disque dur de l&rsquo;utilisateur. Ces cookies sont utilis\u00e9s pour retenir des informations telles que les identifiants de connexion, les pr\u00e9f\u00e9rences de langue et les choix de personnalisation.<\/p>\n<p><strong>Les cookies de session<\/strong> sont temporaires et sont supprim\u00e9s d\u00e8s que l&rsquo;utilisateur ferme le navigateur. Ces cookies sont utilis\u00e9s pour stocker des informations temporaires li\u00e9es \u00e0 la session de l&rsquo;utilisateur, telles que les pr\u00e9f\u00e9rences de navigation. Lorsque l&rsquo;utilisateur ferme le navigateur, toutes ces informations sont perdues car les cookies de session sont effac\u00e9s.<\/p>\n\t<h4>Comment g\u00e9rer les t\u00e9moins sur mon appareil ?<\/h4>\n<p>Les navigateurs Web permettent aux utilisateurs de contr\u00f4ler quels cookies sont stock\u00e9s mais chacun fonctionne l\u00e9g\u00e8rement diff\u00e9remment. Suivez ces instructions pour savoir comment supprimer et g\u00e9rer les cookies dans votre navigateur\u00a0<em>(en anglais seulement)<\/em>\u00a0:\u00a0<strong><a href=\"https:\/\/www.aboutcookies.org\/how-to-delete-cookies\/\">https:\/\/www.aboutcookies.org\/how-to-delete-cookies\/<\/a><\/strong><\/p>\n\t<ul>\n\t\t<li>\t\t\t\t\n\t\t<h4>Modification de la politique: Mars 2024<\/h4><p>Nous nous r\u00e9servons le droit d&rsquo;effectuer des modifications \u00e0 la pr\u00e9sente politique, \u00e0 notre enti\u00e8re discr\u00e9tion et sans pr\u00e9avis, par cons\u00e9quent, nous vous recommandons de relire p\u00e9riodiquement ce document pour savoir comment nous prot\u00e9geons vos renseignements.De telles modifications seront affich\u00e9es sur le site Web et entreront en vigueur imm\u00e9diatement apr\u00e8s leur affichage.<\/p><\/li>\t<\/ul>\n\n","protected":false},"excerpt":{"rendered":"<p>Introduction Notre site Web stocke des t\u00e9moins de navigation (cookies) sur votre appareil pour am\u00e9liorer ses performances, pour m\u00e9moriser vos pr\u00e9f\u00e9rences ou pour permettre certaines fonctionnalit\u00e9s, comme les dons par carte de cr\u00e9dit aupr\u00e8s de notre fournisseur externe.\u00a0Certains t\u00e9moins sont essentiels au bon fonctionnement du site Web. Sachez que le respect de votre vie priv\u00e9e [&hellip;]<\/p>\n","protected":false},"author":1,"featured_media":0,"parent":0,"menu_order":0,"comment_status":"closed","ping_status":"closed","template":"","meta":{"site-sidebar-layout":"no-sidebar","site-content-layout":"page-builder","ast-site-content-layout":"full-width-container","site-content-style":"unboxed","site-sidebar-style":"unboxed","ast-global-header-display":"","ast-banner-title-visibility":"","ast-main-header-display":"","ast-hfb-above-header-display":"","ast-hfb-below-header-display":"","ast-hfb-mobile-header-display":"","site-post-title":"disabled","ast-breadcrumbs-content":"","ast-featured-img":"","footer-sml-layout":"","ast-disable-related-posts":"","theme-transparent-header-meta":"enabled","adv-header-id-meta":"","stick-header-meta":"","header-above-stick-meta":"","header-main-stick-meta":"","header-below-stick-meta":"","astra-migrate-meta-layouts":"set","ast-page-background-enabled":"default","ast-page-background-meta":{"desktop":{"background-color":"","background-image":"","background-repeat":"repeat","background-position":"center center","background-size":"auto","background-attachment":"scroll","background-type":"","background-media":"","overlay-type":"","overlay-color":"","overlay-opacity":"","overlay-gradient":""},"tablet":{"background-color":"","background-image":"","background-repeat":"repeat","background-position":"center center","background-size":"auto","background-attachment":"scroll","background-type":"","background-media":"","overlay-type":"","overlay-color":"","overlay-opacity":"","overlay-gradient":""},"mobile":{"background-color":"","background-image":"","background-repeat":"repeat","background-position":"center center","background-size":"auto","background-attachment":"scroll","background-type":"","background-media":"","overlay-type":"","overlay-color":"","overlay-opacity":"","overlay-gradient":""}},"ast-content-background-meta":{"desktop":{"background-color":"var(--ast-global-color-5)","background-image":"","background-repeat":"repeat","background-position":"center center","background-size":"auto","background-attachment":"scroll","background-type":"","background-media":"","overlay-type":"","overlay-color":"","overlay-opacity":"","overlay-gradient":""},"tablet":{"background-color":"var(--ast-global-color-5)","background-image":"","background-repeat":"repeat","background-position":"center center","background-size":"auto","background-attachment":"scroll","background-type":"","background-media":"","overlay-type":"","overlay-color":"","overlay-opacity":"","overlay-gradient":""},"mobile":{"background-color":"var(--ast-global-color-5)","background-image":"","background-repeat":"repeat","background-position":"center center","background-size":"auto","background-attachment":"scroll","background-type":"","background-media":"","overlay-type":"","overlay-color":"","overlay-opacity":"","overlay-gradient":""}},"footnotes":""},"class_list":["post-1485","page","type-page","status-publish","hentry"],"_links":{"self":[{"href":"https:\/\/egliseilejesus.ca\/home\/wp-json\/wp\/v2\/pages\/1485","targetHints":{"allow":["GET"]}}],"collection":[{"href":"https:\/\/egliseilejesus.ca\/home\/wp-json\/wp\/v2\/pages"}],"about":[{"href":"https:\/\/egliseilejesus.ca\/home\/wp-json\/wp\/v2\/types\/page"}],"author":[{"embeddable":true,"href":"https:\/\/egliseilejesus.ca\/home\/wp-json\/wp\/v2\/users\/1"}],"replies":[{"embeddable":true,"href":"https:\/\/egliseilejesus.ca\/home\/wp-json\/wp\/v2\/comments?post=1485"}],"version-history":[{"count":0,"href":"https:\/\/egliseilejesus.ca\/home\/wp-json\/wp\/v2\/pages\/1485\/revisions"}],"wp:attachment":[{"href":"https:\/\/egliseilejesus.ca\/home\/wp-json\/wp\/v2\/media?parent=1485"}],"curies":[{"name":"wp","href":"https:\/\/api.w.org\/{rel}","templated":true}]}}