{"id":927,"date":"2023-02-16T09:21:22","date_gmt":"2023-02-16T14:21:22","guid":{"rendered":"http:\/\/egliseilejesus.ca\/home\/?page_id=927"},"modified":"2023-05-08T19:54:30","modified_gmt":"2023-05-08T23:54:30","slug":"donner","status":"publish","type":"page","link":"https:\/\/egliseilejesus.ca\/home\/donner\/","title":{"rendered":"DONNER"},"content":{"rendered":"\n<h2>\n\t\tVotre g\u00e9n\u00e9rosit\u00e9 fait la diff\u00e9rence!\n\t<\/h2>\n\t<p><em>Vos dons sont re\u00e7us et administr\u00e9s par notre \u00e9quipe de comptabilit\u00e9, qui prendra connaissance de vos coordonn\u00e9es en fin d&rsquo;ann\u00e9e pour \u00e9mettre les re\u00e7us pour imp\u00f4ts.\u00a0Voici comment vous pouvez effectuer votre don.\u00a0<\/em><\/p>\n<p><strong>Par virement Interac<\/strong><\/p>\n\t<p><img loading=\"lazy\" decoding=\"async\" src=\"https:\/\/egliseilejesus.ca\/home\/wp-content\/uploads\/2023\/05\/interac.svg\" alt=\"\" width=\"154\" height=\"153\" \/><\/p>\n<p>Ajoutez le courriel suivant comme destinataire et Entrez le montant.<\/p>\n\t<p><strong><img loading=\"lazy\" decoding=\"async\" src=\"https:\/\/egliseilejesus.ca\/home\/wp-content\/uploads\/2023\/05\/courriel.svg\" alt=\"\" width=\"81\" height=\"82\" \/>interac@egliseilejesus.ca<\/strong><\/p>\n\t<strong>Votre don<\/strong>\n<iframe title=\"Donation form powered by Simplyk\" src=\"https:\/\/www.simplyk.io\/embed\/donation\/5e78dc8f67c14a0028a4d091\/lang\/fr?nonvisit=true\"><\/iframe>\n\t\t\t\t<a href=\"https:\/\/fr.zeffy.com\/\" target=\"_blank\" rel=\"noopener\" itemprop=\"url\">\n\t\t\t\t<img decoding=\"async\" src=\"https:\/\/egliseilejesus.ca\/home\/wp-content\/uploads\/2023\/02\/zeffy.svg\" alt=\"zeffy\" itemprop=\"image\" title=\"zeffy\" onerror=\"this.style.display='none'\"  \/>\n\t\t\t\t<\/a>\n\t<p>Nous utilisons les services de la plateforme <strong>Zeffy<\/strong>\u00a0(anciennement Simplyk), un organisme \u00e0 but non lucratif qui offre une plateforme de dons en ligne sans frais aux \u00c9glises et organismes.<\/p>\n<p>Bien qu&rsquo;il soit possible d&rsquo;inscrire \u00ab\u00a00\u00a0\u00bb dans la case\u00a0<em>contribution<\/em>, nous vous invitons \u00e0 consid\u00e9rer les soutenir en ajoutant un pourboire, et ainsi leur permettre de poursuivre leurs activit\u00e9s.<\/p>\n<p>Merci d&rsquo;avance pour eux!<\/p>\n\n","protected":false},"excerpt":{"rendered":"<p>Votre g\u00e9n\u00e9rosit\u00e9 fait la diff\u00e9rence! Vos dons sont re\u00e7us et administr\u00e9s par notre \u00e9quipe de comptabilit\u00e9, qui prendra connaissance de vos coordonn\u00e9es en fin d&rsquo;ann\u00e9e pour \u00e9mettre les re\u00e7us pour imp\u00f4ts.\u00a0Voici comment vous pouvez effectuer votre don.\u00a0 Par virement Interac Ajoutez le courriel suivant comme destinataire et Entrez le montant. interac@egliseilejesus.ca Votre don Nous utilisons [&hellip;]<\/p>\n","protected":false},"author":1,"featured_media":0,"parent":0,"menu_order":0,"comment_status":"closed","ping_status":"closed","template":"","meta":{"site-sidebar-layout":"no-sidebar","site-content-layout":"page-builder","ast-site-content-layout":"default","site-content-style":"default","site-sidebar-style":"default","ast-global-header-display":"","ast-banner-title-visibility":"","ast-main-header-display":"","ast-hfb-above-header-display":"","ast-hfb-below-header-display":"","ast-hfb-mobile-header-display":"","site-post-title":"disabled","ast-breadcrumbs-content":"","ast-featured-img":"disabled","footer-sml-layout":"","ast-disable-related-posts":"","theme-transparent-header-meta":"enabled","adv-header-id-meta":"","stick-header-meta":"","header-above-stick-meta":"","header-main-stick-meta":"","header-below-stick-meta":"","astra-migrate-meta-layouts":"default","ast-page-background-enabled":"default","ast-page-background-meta":{"desktop":{"background-color":"","background-image":"","background-repeat":"repeat","background-position":"center center","background-size":"auto","background-attachment":"scroll","background-type":"","background-media":"","overlay-type":"","overlay-color":"","overlay-opacity":"","overlay-gradient":""},"tablet":{"background-color":"","background-image":"","background-repeat":"repeat","background-position":"center center","background-size":"auto","background-attachment":"scroll","background-type":"","background-media":"","overlay-type":"","overlay-color":"","overlay-opacity":"","overlay-gradient":""},"mobile":{"background-color":"","background-image":"","background-repeat":"repeat","background-position":"center center","background-size":"auto","background-attachment":"scroll","background-type":"","background-media":"","overlay-type":"","overlay-color":"","overlay-opacity":"","overlay-gradient":""}},"ast-content-background-meta":{"desktop":{"background-color":"var(--ast-global-color-5)","background-image":"","background-repeat":"repeat","background-position":"center center","background-size":"auto","background-attachment":"scroll","background-type":"","background-media":"","overlay-type":"","overlay-color":"","overlay-opacity":"","overlay-gradient":""},"tablet":{"background-color":"var(--ast-global-color-5)","background-image":"","background-repeat":"repeat","background-position":"center center","background-size":"auto","background-attachment":"scroll","background-type":"","background-media":"","overlay-type":"","overlay-color":"","overlay-opacity":"","overlay-gradient":""},"mobile":{"background-color":"var(--ast-global-color-5)","background-image":"","background-repeat":"repeat","background-position":"center center","background-size":"auto","background-attachment":"scroll","background-type":"","background-media":"","overlay-type":"","overlay-color":"","overlay-opacity":"","overlay-gradient":""}},"footnotes":""},"class_list":["post-927","page","type-page","status-publish","hentry"],"_links":{"self":[{"href":"https:\/\/egliseilejesus.ca\/home\/wp-json\/wp\/v2\/pages\/927","targetHints":{"allow":["GET"]}}],"collection":[{"href":"https:\/\/egliseilejesus.ca\/home\/wp-json\/wp\/v2\/pages"}],"about":[{"href":"https:\/\/egliseilejesus.ca\/home\/wp-json\/wp\/v2\/types\/page"}],"author":[{"embeddable":true,"href":"https:\/\/egliseilejesus.ca\/home\/wp-json\/wp\/v2\/users\/1"}],"replies":[{"embeddable":true,"href":"https:\/\/egliseilejesus.ca\/home\/wp-json\/wp\/v2\/comments?post=927"}],"version-history":[{"count":0,"href":"https:\/\/egliseilejesus.ca\/home\/wp-json\/wp\/v2\/pages\/927\/revisions"}],"wp:attachment":[{"href":"https:\/\/egliseilejesus.ca\/home\/wp-json\/wp\/v2\/media?parent=927"}],"curies":[{"name":"wp","href":"https:\/\/api.w.org\/{rel}","templated":true}]}}